{"id":179,"date":"2012-05-11T19:39:15","date_gmt":"2012-05-11T19:39:15","guid":{"rendered":"http:\/\/www.encontraamericana.com.br\/guia\/?p=179"},"modified":"2017-04-25T13:32:33","modified_gmt":"2017-04-25T16:32:33","slug":"contato","status":"publish","type":"page","link":"https:\/\/www.encontraamericana.com.br\/guia\/contato\/","title":{"rendered":"Contato"},"content":{"rendered":"<p>Se preferir, ligue :<strong>\u00a0<a href=\"tel:113731-5468\">(11) 3731-5468<\/a> \/ <a href=\"tel:1199706-8881\">(11) 9.9706-8881<\/a> <img decoding=\"async\" src=\"https:\/\/farm1.staticflickr.com\/691\/20658111369_57798d0058_o.png\" alt=\"\" \/><\/strong><\/p>\n<p><strong>ALTERAR CADASTRO DE EMPRESA<\/strong><br \/>\nPara atualiza\u00e7\u00e3o ou remo\u00e7\u00e3o de cadastros, envie um email para\u00a0<img decoding=\"async\" src=\"http:\/\/www.encontrasaopaulo.com.br\/imgs\/email-encontrasp.png\" alt=\"\" align=\"top\" \/><br \/>\nInforme nome, endere\u00e7o e telefone da empresa que deseja alterar (antigo e o novo).<br \/>\nSe preferir, entre em contato por telefone.<\/p>\n<p><strong>CADASTRAR UMA NOVA EMPRESA GR\u00c1TIS<\/strong><br \/>\nPara cadastrar gratuitamente uma nova empresa, clique em\u00a0<a href=\"\/?ptype=post_listing\">cadastre-se gr\u00e1tis<\/a>.<\/p>\n<p><strong>ANUNCIAR COM DESTAQUE<\/strong><br \/>\n<span style=\"font-weight: 400;\">Para anunciar com destaque em nosso Guia:<\/span> <a href=\"\/anuncie\/\" target=\"_blank\" rel=\"noopener noreferrer\">clique aqui<\/a><\/p>\n<p><strong>ENVIAR NOT\u00cdCIAS<br \/>\n<\/strong>Para enviar not\u00edcias, pautas ou informa\u00e7\u00f5es sobre shows, eventos envie a not\u00edcia formatada para o email\u00a0<img decoding=\"async\" src=\"http:\/\/www.encontrasaopaulo.com.br\/imgs\/email-encontra-blog.jpg\" alt=\"\" align=\"top\" \/>.<\/p>\n","protected":false},"excerpt":{"rendered":"<p>Se preferir, ligue :\u00a0(11) 3731-5468 \/ (11) 9.9706-8881 ALTERAR CADASTRO DE EMPRESA Para atualiza\u00e7\u00e3o ou remo\u00e7\u00e3o de cadastros, envie um email para\u00a0 Informe nome, endere\u00e7o e telefone da empresa que deseja alterar (antigo e o novo). Se preferir, entre em contato por telefone. CADASTRAR UMA NOVA EMPRESA GR\u00c1TIS Para cadastrar gratuitamente uma nova empresa, clique em\u00a0cadastre-se gr\u00e1tis. ANUNCIAR COM DESTAQUE Para anunciar com destaque em nosso Guia: clique aqui ENVIAR NOT\u00cdCIAS Para enviar not\u00edcias, pautas ou informa\u00e7\u00f5es sobre shows, eventos envie a not\u00edcia formatada para o email\u00a0.<\/p>\n","protected":false},"author":1,"featured_media":0,"parent":0,"menu_order":0,"comment_status":"open","ping_status":"open","template":"","meta":{"footnotes":""},"class_list":["post-179","page","type-page","status-publish","hentry"],"yoast_head":"<!-- This site is optimized with the Yoast SEO plugin v26.4 - https:\/\/yoast.com\/wordpress\/plugins\/seo\/ -->\n<title>Contato | Guia Comercial de Americana SP<\/title>\n<meta name=\"robots\" content=\"index, follow, max-snippet:-1, max-image-preview:large, max-video-preview:-1\" \/>\n<link rel=\"canonical\" href=\"https:\/\/www.encontraamericana.com.br\/guia\/contato\/\" \/>\n<meta property=\"og:locale\" content=\"pt_BR\" \/>\n<meta property=\"og:type\" content=\"article\" \/>\n<meta property=\"og:title\" content=\"Contato | Guia Comercial de Americana SP\" \/>\n<meta property=\"og:description\" content=\"Se preferir, ligue :\u00a0(11) 3731-5468 \/ (11) 9.9706-8881 ALTERAR CADASTRO DE EMPRESA Para atualiza\u00e7\u00e3o ou remo\u00e7\u00e3o de cadastros, envie um email para\u00a0 Informe nome, endere\u00e7o e telefone da empresa que deseja alterar (antigo e o novo). Se preferir, entre em contato por telefone. CADASTRAR UMA NOVA EMPRESA GR\u00c1TIS Para cadastrar gratuitamente uma nova empresa, clique em\u00a0cadastre-se gr\u00e1tis. ANUNCIAR COM DESTAQUE Para anunciar com destaque em nosso Guia: clique aqui ENVIAR NOT\u00cdCIAS Para enviar not\u00edcias, pautas ou informa\u00e7\u00f5es sobre shows, eventos envie a not\u00edcia formatada para o email\u00a0.\" \/>\n<meta property=\"og:url\" content=\"https:\/\/www.encontraamericana.com.br\/guia\/contato\/\" \/>\n<meta property=\"og:site_name\" content=\"Guia Comercial de Americana SP\" \/>\n<meta property=\"article:modified_time\" content=\"2017-04-25T16:32:33+00:00\" \/>\n<meta property=\"og:image\" content=\"https:\/\/farm1.staticflickr.com\/691\/20658111369_57798d0058_o.png\" \/>\n<meta name=\"twitter:card\" content=\"summary_large_image\" \/>\n<script type=\"application\/ld+json\" class=\"yoast-schema-graph\">{\"@context\":\"https:\/\/schema.org\",\"@graph\":[{\"@type\":\"WebPage\",\"@id\":\"https:\/\/www.encontraamericana.com.br\/guia\/contato\/\",\"url\":\"https:\/\/www.encontraamericana.com.br\/guia\/contato\/\",\"name\":\"Contato | Guia Comercial de Americana SP\",\"isPartOf\":{\"@id\":\"https:\/\/www.encontraamericana.com.br\/guia\/#website\"},\"primaryImageOfPage\":{\"@id\":\"https:\/\/www.encontraamericana.com.br\/guia\/contato\/#primaryimage\"},\"image\":{\"@id\":\"https:\/\/www.encontraamericana.com.br\/guia\/contato\/#primaryimage\"},\"thumbnailUrl\":\"https:\/\/farm1.staticflickr.com\/691\/20658111369_57798d0058_o.png\",\"datePublished\":\"2012-05-11T19:39:15+00:00\",\"dateModified\":\"2017-04-25T16:32:33+00:00\",\"inLanguage\":\"pt-BR\",\"potentialAction\":[{\"@type\":\"ReadAction\",\"target\":[\"https:\/\/www.encontraamericana.com.br\/guia\/contato\/\"]}]},{\"@type\":\"ImageObject\",\"inLanguage\":\"pt-BR\",\"@id\":\"https:\/\/www.encontraamericana.com.br\/guia\/contato\/#primaryimage\",\"url\":\"https:\/\/farm1.staticflickr.com\/691\/20658111369_57798d0058_o.png\",\"contentUrl\":\"https:\/\/farm1.staticflickr.com\/691\/20658111369_57798d0058_o.png\"},{\"@type\":\"WebSite\",\"@id\":\"https:\/\/www.encontraamericana.com.br\/guia\/#website\",\"url\":\"https:\/\/www.encontraamericana.com.br\/guia\/\",\"name\":\"Guia Comercial de Americana SP\",\"description\":\"ENCONTRA AMERICANA - O guia comercial de neg\u00f3cios e empresas, cultura e divers\u00e3o na cidade de Americana. Feito 100% para voc\u00ea morador!\",\"potentialAction\":[{\"@type\":\"SearchAction\",\"target\":{\"@type\":\"EntryPoint\",\"urlTemplate\":\"https:\/\/www.encontraamericana.com.br\/guia\/?s={search_term_string}\"},\"query-input\":{\"@type\":\"PropertyValueSpecification\",\"valueRequired\":true,\"valueName\":\"search_term_string\"}}],\"inLanguage\":\"pt-BR\"}]}<\/script>\n<!-- \/ Yoast SEO plugin. -->","yoast_head_json":{"title":"Contato | Guia Comercial de Americana SP","robots":{"index":"index","follow":"follow","max-snippet":"max-snippet:-1","max-image-preview":"max-image-preview:large","max-video-preview":"max-video-preview:-1"},"canonical":"https:\/\/www.encontraamericana.com.br\/guia\/contato\/","og_locale":"pt_BR","og_type":"article","og_title":"Contato | Guia Comercial de Americana SP","og_description":"Se preferir, ligue :\u00a0(11) 3731-5468 \/ (11) 9.9706-8881 ALTERAR CADASTRO DE EMPRESA Para atualiza\u00e7\u00e3o ou remo\u00e7\u00e3o de cadastros, envie um email para\u00a0 Informe nome, endere\u00e7o e telefone da empresa que deseja alterar (antigo e o novo). Se preferir, entre em contato por telefone. CADASTRAR UMA NOVA EMPRESA GR\u00c1TIS Para cadastrar gratuitamente uma nova empresa, clique em\u00a0cadastre-se gr\u00e1tis. ANUNCIAR COM DESTAQUE Para anunciar com destaque em nosso Guia: clique aqui ENVIAR NOT\u00cdCIAS Para enviar not\u00edcias, pautas ou informa\u00e7\u00f5es sobre shows, eventos envie a not\u00edcia formatada para o email\u00a0.","og_url":"https:\/\/www.encontraamericana.com.br\/guia\/contato\/","og_site_name":"Guia Comercial de Americana SP","article_modified_time":"2017-04-25T16:32:33+00:00","og_image":[{"url":"https:\/\/farm1.staticflickr.com\/691\/20658111369_57798d0058_o.png","type":"","width":"","height":""}],"twitter_card":"summary_large_image","schema":{"@context":"https:\/\/schema.org","@graph":[{"@type":"WebPage","@id":"https:\/\/www.encontraamericana.com.br\/guia\/contato\/","url":"https:\/\/www.encontraamericana.com.br\/guia\/contato\/","name":"Contato | Guia Comercial de Americana SP","isPartOf":{"@id":"https:\/\/www.encontraamericana.com.br\/guia\/#website"},"primaryImageOfPage":{"@id":"https:\/\/www.encontraamericana.com.br\/guia\/contato\/#primaryimage"},"image":{"@id":"https:\/\/www.encontraamericana.com.br\/guia\/contato\/#primaryimage"},"thumbnailUrl":"https:\/\/farm1.staticflickr.com\/691\/20658111369_57798d0058_o.png","datePublished":"2012-05-11T19:39:15+00:00","dateModified":"2017-04-25T16:32:33+00:00","inLanguage":"pt-BR","potentialAction":[{"@type":"ReadAction","target":["https:\/\/www.encontraamericana.com.br\/guia\/contato\/"]}]},{"@type":"ImageObject","inLanguage":"pt-BR","@id":"https:\/\/www.encontraamericana.com.br\/guia\/contato\/#primaryimage","url":"https:\/\/farm1.staticflickr.com\/691\/20658111369_57798d0058_o.png","contentUrl":"https:\/\/farm1.staticflickr.com\/691\/20658111369_57798d0058_o.png"},{"@type":"WebSite","@id":"https:\/\/www.encontraamericana.com.br\/guia\/#website","url":"https:\/\/www.encontraamericana.com.br\/guia\/","name":"Guia Comercial de Americana SP","description":"ENCONTRA AMERICANA - O guia comercial de neg\u00f3cios e empresas, cultura e divers\u00e3o na cidade de Americana. Feito 100% para voc\u00ea morador!","potentialAction":[{"@type":"SearchAction","target":{"@type":"EntryPoint","urlTemplate":"https:\/\/www.encontraamericana.com.br\/guia\/?s={search_term_string}"},"query-input":{"@type":"PropertyValueSpecification","valueRequired":true,"valueName":"search_term_string"}}],"inLanguage":"pt-BR"}]}},"_links":{"self":[{"href":"https:\/\/www.encontraamericana.com.br\/guia\/wp-json\/wp\/v2\/pages\/179","targetHints":{"allow":["GET"]}}],"collection":[{"href":"https:\/\/www.encontraamericana.com.br\/guia\/wp-json\/wp\/v2\/pages"}],"about":[{"href":"https:\/\/www.encontraamericana.com.br\/guia\/wp-json\/wp\/v2\/types\/page"}],"author":[{"embeddable":true,"href":"https:\/\/www.encontraamericana.com.br\/guia\/wp-json\/wp\/v2\/users\/1"}],"replies":[{"embeddable":true,"href":"https:\/\/www.encontraamericana.com.br\/guia\/wp-json\/wp\/v2\/comments?post=179"}],"version-history":[{"count":0,"href":"https:\/\/www.encontraamericana.com.br\/guia\/wp-json\/wp\/v2\/pages\/179\/revisions"}],"wp:attachment":[{"href":"https:\/\/www.encontraamericana.com.br\/guia\/wp-json\/wp\/v2\/media?parent=179"}],"curies":[{"name":"wp","href":"https:\/\/api.w.org\/{rel}","templated":true}]}}