{"id":423,"date":"2012-07-24T21:51:35","date_gmt":"2012-07-24T21:51:35","guid":{"rendered":"http:\/\/www.encontraamericana.com.br\/guia\/?page_id=423"},"modified":"2012-07-24T21:51:35","modified_gmt":"2012-07-24T21:51:35","slug":"politica-de-privacidade","status":"publish","type":"page","link":"https:\/\/www.encontraamericana.com.br\/guia\/politica-de-privacidade\/","title":{"rendered":"Pol\u00edtica de Privacidade"},"content":{"rendered":"<div><strong>Sua Privacidade est\u00e1 Segura<\/strong><\/div>\n<p>No EncontraAmericana, voc\u00ea poder\u00e1 navegar tranq\u00fcilamente sem se preocupar com sua privacidade online. Quando coletamos e armazenamos informa\u00e7\u00f5es pessoais de usu\u00e1rios (atrav\u00e9s de formul\u00e1rios ou cookies), temos um \u00fanico objetivo: a personaliza\u00e7\u00e3o e melhoria de nossos servi\u00e7os.<\/p>\n<p>Assim, voc\u00ea ter\u00e1 acesso a um conte\u00fado editorial e publicit\u00e1rio cada vez mais fiel \u00e0s suas necessidades, e os anunciantes do EncontraAmericana.com.br encontrar\u00e3o seu p\u00fablico-alvo com mais facilidade. Isso n\u00e3o significa, de forma alguma, que voc\u00ea ser\u00e1 abordado por nossos anunciantes atrav\u00e9s de e-mails n\u00e3o-solicitados. Muito pelo contr\u00e1rio. No momento, os \u00fanicos an\u00fancios que publicamos e permitimos s\u00e3o exibidos nas p\u00e1ginas do site EncontraAmericana.com.br.<\/p>\n<div><strong>Publicidade Online<\/strong><\/div>\n<p>O conte\u00fado das informa\u00e7\u00f5es publicit\u00e1rias s\u00e3o de total responsabilidade dos pr\u00f3prios anunciantes.<\/p>\n<p><strong>Nota Especial Sobre An\u00fancios Google<\/strong><\/p>\n<p>Quaisquer an\u00fancios servidos por Google, Inc., e empresas afiliadas, podem ser controlados usando cookies. Estes cookies permitem ao Google exibir an\u00fancios baseados em suas visitas a este e outros sites que se utilizem dos servi\u00e7os de an\u00fancios Google. Aprenda como impedir o uso de cookies pelo Google. Como mencionado acima, quaisquer rastreamentos feitos pelo Google atrav\u00e9s de cookies ou outros mecanismos est\u00e1 sujeito \u00e0s pol\u00edticas de privacidade do pr\u00f3prio Google.<\/p>\n<p><strong>Cookies de Publicidade<\/strong><\/p>\n<blockquote><p><strong>Web Beacons<\/strong><br \/>\nOnde necess\u00e1rio, s\u00e3o utilizados cookies para armazenar informa\u00e7\u00f5es sobre as prefer\u00eancias do visitante e hist\u00f3ricos, de maneira a melhor servir o visitante, ou apresentar a ele conte\u00fado personalizado.<\/p>\n<p>Parceiros, anunciantes e outros terceiros tamb\u00e9m podem usar cookies, scripts e\/ou web beacons para rastrear os visitantes do nosso site, com o intuito de oferecer an\u00fancios personalizados e outras informa\u00e7\u00f5es \u00fateis. Tal rastreamento \u00e9 feito diretamente por estes terceiros por meio de seus pr\u00f3prios servidores, estando sujeito \u00e0s suas pr\u00f3prias pol\u00edticas de privacidade.<\/p>\n<p><strong>Cookie DART do DoubleClick na rede de conte\u00fado do Google<\/strong><br \/>\nO Google como fornecedor de terceiros usa cookies para exibir an\u00fancios entre eles usa o cookie\u00a0<a href=\"http:\/\/www.doubleclick.com\/privacy\/dart_adserving.aspx\" target=\"_blank\">DoubleClick Dart<\/a>\u00a0para mostrar an\u00fancios do seu interesse atrav\u00e9s das visitas a este ou a outros sites na internet. Voc\u00ea pode desativar os an\u00fancios visitando a\u00a0<a href=\"http:\/\/www.google.com.br\/intl\/pt-BR\/privacy.html\" target=\"_blank\">p\u00e1gina de pol\u00edtica<\/a>\u00a0de privacidade de rede de conte\u00fados do Google.<\/p><\/blockquote>\n<p><strong>Informa\u00e7\u00f5es coletadas e compartilhamento<\/strong><\/p>\n<p>Este site poder\u00e1 utilizar cookies e\/ou web beacons quando um usu\u00e1rio acessar as p\u00e1ginas. Os cookies que podem ser utilizados associam-se (se for o caso) unicamente com o navegador de um determinado computador.<\/p>\n<p>Os cookies que s\u00e3o utilizados neste site podem ser instalados pelo mesmo, os quais s\u00e3o originados dos distintos servidores operados por este, ou a partir dos servidores de terceiros que prestam servi\u00e7os e instalam cookies e\/ou web beacons (por exemplo, os cookies que s\u00e3o empregados para prover servi\u00e7os de publicidade ou certos conte\u00fados atrav\u00e9s dos quais o usu\u00e1rio visualiza a publicidade ou conte\u00fados em tempo pr\u00e9 determinados). O usu\u00e1rio poder\u00e1 pesquisar o disco r\u00edgido de seu computador conforme instru\u00e7\u00f5es do pr\u00f3prio navegador.<\/p>\n<p>O Usu\u00e1rio tem a possibilidade de configurar seu navegador para ser avisado, na tela de seu computador, sobre a recep\u00e7\u00e3o dos cookies e para impedir a sua instala\u00e7\u00e3o no disco r\u00edgido. As informa\u00e7\u00f5es pertinentes a esta configura\u00e7\u00e3o est\u00e3o dispon\u00edveis em instru\u00e7\u00f5es e manuais do pr\u00f3prio navegador.<\/p>\n<p>O EncontraAmericana.com.br n\u00e3o coleta informa\u00e7\u00f5es Individuais sobre os usu\u00e1rios, como &#8220;nome, e-mail, etc.&#8221; exceto quando especificamente e conhecidamente fornecido esta informa\u00e7\u00e3o atrav\u00e9s dos formul\u00e1rios &#8220;Sugest\u00e3o de Sites&#8221; e &#8220;Fale com a Equipe&#8221;.<\/p>\n<p>O EncontraAmericana.com.br poder\u00e1 a vir salvar informa\u00e7\u00f5es como data e hora, tipo de navegador, idioma do navegador e endere\u00e7o IP de cada consulta efetivada, informa\u00e7\u00f5es estas que ser\u00e3o utilizadas para verifica\u00e7\u00e3o em nossos registros e fornecer melhores servi\u00e7os aos nossos usu\u00e1rios.<\/p>\n<p>O EncontraAmericana.com.br n\u00e3o ir\u00e1 vender ou alugar quaisquer de suas informa\u00e7\u00f5es pessoais a qualquer terceiro.<\/p>\n<p>O que poderemos vir a fornecer aos usu\u00e1rios e parceiros comerciais s\u00e3o apenas estat\u00edsticas de acesso do EncontraAmericana.com.br como page views, cliques no site cadastrado e outros n\u00fameros que classificam a audi\u00eancia genericamente.<\/p>\n<p>A equipe do EncontraAmericana.com.br compromete-se a manter em sigilo total as informa\u00e7\u00f5es pessoais pertinentes aos cadastros dos sites ou informa\u00e7\u00f5es colhidas no site. Ou seja, seu nome, e-mail, endere\u00e7o residencial e outros dados pessoais capazes de identificar voc\u00ea jamais ser\u00e3o divulgados a terceiros, sejam pessoas f\u00edsicas ou jur\u00eddicas, a n\u00e3o ser :<\/p>\n<ul>\n<li>que o EncontraAmericana.com.br obtenha a sua autoriza\u00e7\u00e3o para compartilhar tais informa\u00e7\u00f5es;<\/li>\n<li>em resposta a processos judicais.<\/li>\n<li>quando acreditarmos que suas atitudes possam ter violado os\u00a0<a href=\"http:\/\/www.encontraamericana.com.br\/guia\/termos-de-servico\/\">Termos do Servi\u00e7o do EncontraAmericana.com.br\u00a0<\/a>.<\/li>\n<\/ul>\n<p>Somente com a sua expressa autoriza\u00e7\u00e3o, o EncontraAmericana.com.br utilizar\u00e1 dados sobre voc\u00ea para envio de mala direta;<\/p>\n<div><strong>Sua capacidade de alterar ou excluir informa\u00e7\u00f5es sobre o seu site em nossa base de dados<\/strong><\/div>\n<p>O EncontraAmericana.com.br permite que voc\u00ea altere em nossa base de dados o cadastro de seu site, informa\u00e7\u00f5es pessoas e prefer\u00eancias a qualquer instante, incluindo as op\u00e7\u00f5es de ser ou n\u00e3o informado por e-mail pelo EncontraAmericana.com.br sobre atualiza\u00e7\u00f5es no site e receber e-mails publicit\u00e1rios do EncontraAmericana.com.br, mediante a confirma\u00e7\u00e3o dos dados de login, escolhidos pelo Usu\u00e1rio durante a sugest\u00e3o do site.<\/p>\n<p>Voc\u00ea pode solicitar a exclus\u00e3o de seu site dos resultados de pesquisa, a qualquer momento, entrando em contato.<\/p>\n<div><strong>Consentimento no uso da Pesquisa<\/strong><\/div>\n<p>Ao utilizar os servi\u00e7os de busca do EncontraAmericana.com.br, o usu\u00e1rio concorda com a coleta e o uso de suas informa\u00e7\u00f5es que foram citadas nesta Pol\u00edtica de Privacidade e em nossos\u00a0<a href=\"http:\/\/www.encontraamericana.com.br\/guia\/termos-de-servico\/\">Termos do Servi\u00e7o<\/a>.<\/p>\n<div><strong>Mudan\u00e7as na Pol\u00edtica de Privacidade<\/strong><\/div>\n<p>O EncontraAmericana.com.br reserva-se o direito de mudar esta Pol\u00edtica de Privacidade a qualquer momento.<\/p>\n<div><strong>Limites<\/strong><\/div>\n<p>Esta pol\u00edtica de privacidade \u00e9 limitada apenas para sites e arquivos dentro do dom\u00ednio EncontraAmericana.com.br.<\/p>\n","protected":false},"excerpt":{"rendered":"<p>Sua Privacidade est\u00e1 Segura No EncontraAmericana, voc\u00ea poder\u00e1 navegar tranq\u00fcilamente sem se preocupar com sua privacidade online. Quando coletamos e armazenamos informa\u00e7\u00f5es pessoais de usu\u00e1rios (atrav\u00e9s de formul\u00e1rios ou cookies), temos um \u00fanico objetivo: a personaliza\u00e7\u00e3o e melhoria de nossos servi\u00e7os. Assim, voc\u00ea ter\u00e1 acesso a um conte\u00fado editorial e publicit\u00e1rio cada vez mais fiel \u00e0s suas necessidades, e os anunciantes do EncontraAmericana.com.br encontrar\u00e3o seu p\u00fablico-alvo com mais facilidade. Isso n\u00e3o significa, de forma alguma, que voc\u00ea ser\u00e1 abordado por nossos anunciantes atrav\u00e9s de e-mails n\u00e3o-solicitados. Muito pelo contr\u00e1rio. No momento, os \u00fanicos an\u00fancios que publicamos e permitimos s\u00e3o exibidos <\/p>\n","protected":false},"author":1,"featured_media":0,"parent":0,"menu_order":0,"comment_status":"open","ping_status":"open","template":"","meta":{"footnotes":""},"class_list":["post-423","page","type-page","status-publish","hentry"],"yoast_head":"<!-- This site is optimized with the Yoast SEO plugin v26.4 - https:\/\/yoast.com\/wordpress\/plugins\/seo\/ -->\n<title>Pol\u00edtica de Privacidade | Guia Comercial de Americana SP<\/title>\n<meta name=\"robots\" content=\"index, follow, max-snippet:-1, max-image-preview:large, max-video-preview:-1\" \/>\n<link rel=\"canonical\" href=\"https:\/\/www.encontraamericana.com.br\/guia\/politica-de-privacidade\/\" \/>\n<meta property=\"og:locale\" content=\"pt_BR\" \/>\n<meta property=\"og:type\" content=\"article\" \/>\n<meta property=\"og:title\" content=\"Pol\u00edtica de Privacidade | Guia Comercial de Americana SP\" \/>\n<meta property=\"og:description\" content=\"Sua Privacidade est\u00e1 Segura No EncontraAmericana, voc\u00ea poder\u00e1 navegar tranq\u00fcilamente sem se preocupar com sua privacidade online. Quando coletamos e armazenamos informa\u00e7\u00f5es pessoais de usu\u00e1rios (atrav\u00e9s de formul\u00e1rios ou cookies), temos um \u00fanico objetivo: a personaliza\u00e7\u00e3o e melhoria de nossos servi\u00e7os. Assim, voc\u00ea ter\u00e1 acesso a um conte\u00fado editorial e publicit\u00e1rio cada vez mais fiel \u00e0s suas necessidades, e os anunciantes do EncontraAmericana.com.br encontrar\u00e3o seu p\u00fablico-alvo com mais facilidade. Isso n\u00e3o significa, de forma alguma, que voc\u00ea ser\u00e1 abordado por nossos anunciantes atrav\u00e9s de e-mails n\u00e3o-solicitados. Muito pelo contr\u00e1rio. No momento, os \u00fanicos an\u00fancios que publicamos e permitimos s\u00e3o exibidos\" \/>\n<meta property=\"og:url\" content=\"https:\/\/www.encontraamericana.com.br\/guia\/politica-de-privacidade\/\" \/>\n<meta property=\"og:site_name\" content=\"Guia Comercial de Americana SP\" \/>\n<meta name=\"twitter:card\" content=\"summary_large_image\" \/>\n<meta name=\"twitter:label1\" content=\"Est. tempo de leitura\" \/>\n\t<meta name=\"twitter:data1\" content=\"5 minutos\" \/>\n<script type=\"application\/ld+json\" class=\"yoast-schema-graph\">{\"@context\":\"https:\/\/schema.org\",\"@graph\":[{\"@type\":\"WebPage\",\"@id\":\"https:\/\/www.encontraamericana.com.br\/guia\/politica-de-privacidade\/\",\"url\":\"https:\/\/www.encontraamericana.com.br\/guia\/politica-de-privacidade\/\",\"name\":\"Pol\u00edtica de Privacidade | Guia Comercial de Americana SP\",\"isPartOf\":{\"@id\":\"https:\/\/www.encontraamericana.com.br\/guia\/#website\"},\"datePublished\":\"2012-07-24T21:51:35+00:00\",\"inLanguage\":\"pt-BR\",\"potentialAction\":[{\"@type\":\"ReadAction\",\"target\":[\"https:\/\/www.encontraamericana.com.br\/guia\/politica-de-privacidade\/\"]}]},{\"@type\":\"WebSite\",\"@id\":\"https:\/\/www.encontraamericana.com.br\/guia\/#website\",\"url\":\"https:\/\/www.encontraamericana.com.br\/guia\/\",\"name\":\"Guia Comercial de Americana SP\",\"description\":\"ENCONTRA AMERICANA - O guia comercial de neg\u00f3cios e empresas, cultura e divers\u00e3o na cidade de Americana. Feito 100% para voc\u00ea morador!\",\"potentialAction\":[{\"@type\":\"SearchAction\",\"target\":{\"@type\":\"EntryPoint\",\"urlTemplate\":\"https:\/\/www.encontraamericana.com.br\/guia\/?s={search_term_string}\"},\"query-input\":{\"@type\":\"PropertyValueSpecification\",\"valueRequired\":true,\"valueName\":\"search_term_string\"}}],\"inLanguage\":\"pt-BR\"}]}<\/script>\n<!-- \/ Yoast SEO plugin. -->","yoast_head_json":{"title":"Pol\u00edtica de Privacidade | Guia Comercial de Americana SP","robots":{"index":"index","follow":"follow","max-snippet":"max-snippet:-1","max-image-preview":"max-image-preview:large","max-video-preview":"max-video-preview:-1"},"canonical":"https:\/\/www.encontraamericana.com.br\/guia\/politica-de-privacidade\/","og_locale":"pt_BR","og_type":"article","og_title":"Pol\u00edtica de Privacidade | Guia Comercial de Americana SP","og_description":"Sua Privacidade est\u00e1 Segura No EncontraAmericana, voc\u00ea poder\u00e1 navegar tranq\u00fcilamente sem se preocupar com sua privacidade online. Quando coletamos e armazenamos informa\u00e7\u00f5es pessoais de usu\u00e1rios (atrav\u00e9s de formul\u00e1rios ou cookies), temos um \u00fanico objetivo: a personaliza\u00e7\u00e3o e melhoria de nossos servi\u00e7os. Assim, voc\u00ea ter\u00e1 acesso a um conte\u00fado editorial e publicit\u00e1rio cada vez mais fiel \u00e0s suas necessidades, e os anunciantes do EncontraAmericana.com.br encontrar\u00e3o seu p\u00fablico-alvo com mais facilidade. Isso n\u00e3o significa, de forma alguma, que voc\u00ea ser\u00e1 abordado por nossos anunciantes atrav\u00e9s de e-mails n\u00e3o-solicitados. Muito pelo contr\u00e1rio. No momento, os \u00fanicos an\u00fancios que publicamos e permitimos s\u00e3o exibidos","og_url":"https:\/\/www.encontraamericana.com.br\/guia\/politica-de-privacidade\/","og_site_name":"Guia Comercial de Americana SP","twitter_card":"summary_large_image","twitter_misc":{"Est. tempo de leitura":"5 minutos"},"schema":{"@context":"https:\/\/schema.org","@graph":[{"@type":"WebPage","@id":"https:\/\/www.encontraamericana.com.br\/guia\/politica-de-privacidade\/","url":"https:\/\/www.encontraamericana.com.br\/guia\/politica-de-privacidade\/","name":"Pol\u00edtica de Privacidade | Guia Comercial de Americana SP","isPartOf":{"@id":"https:\/\/www.encontraamericana.com.br\/guia\/#website"},"datePublished":"2012-07-24T21:51:35+00:00","inLanguage":"pt-BR","potentialAction":[{"@type":"ReadAction","target":["https:\/\/www.encontraamericana.com.br\/guia\/politica-de-privacidade\/"]}]},{"@type":"WebSite","@id":"https:\/\/www.encontraamericana.com.br\/guia\/#website","url":"https:\/\/www.encontraamericana.com.br\/guia\/","name":"Guia Comercial de Americana SP","description":"ENCONTRA AMERICANA - O guia comercial de neg\u00f3cios e empresas, cultura e divers\u00e3o na cidade de Americana. Feito 100% para voc\u00ea morador!","potentialAction":[{"@type":"SearchAction","target":{"@type":"EntryPoint","urlTemplate":"https:\/\/www.encontraamericana.com.br\/guia\/?s={search_term_string}"},"query-input":{"@type":"PropertyValueSpecification","valueRequired":true,"valueName":"search_term_string"}}],"inLanguage":"pt-BR"}]}},"_links":{"self":[{"href":"https:\/\/www.encontraamericana.com.br\/guia\/wp-json\/wp\/v2\/pages\/423","targetHints":{"allow":["GET"]}}],"collection":[{"href":"https:\/\/www.encontraamericana.com.br\/guia\/wp-json\/wp\/v2\/pages"}],"about":[{"href":"https:\/\/www.encontraamericana.com.br\/guia\/wp-json\/wp\/v2\/types\/page"}],"author":[{"embeddable":true,"href":"https:\/\/www.encontraamericana.com.br\/guia\/wp-json\/wp\/v2\/users\/1"}],"replies":[{"embeddable":true,"href":"https:\/\/www.encontraamericana.com.br\/guia\/wp-json\/wp\/v2\/comments?post=423"}],"version-history":[{"count":0,"href":"https:\/\/www.encontraamericana.com.br\/guia\/wp-json\/wp\/v2\/pages\/423\/revisions"}],"wp:attachment":[{"href":"https:\/\/www.encontraamericana.com.br\/guia\/wp-json\/wp\/v2\/media?parent=423"}],"curies":[{"name":"wp","href":"https:\/\/api.w.org\/{rel}","templated":true}]}}